{"id":274,"date":"2022-02-24T19:33:15","date_gmt":"2022-02-24T19:33:15","guid":{"rendered":"https:\/\/recicla.taio.sc.gov.br\/wp\/?page_id=274"},"modified":"2022-02-28T18:50:46","modified_gmt":"2022-02-28T18:50:46","slug":"o-que-e-organico-reciclavel-e-rejeito","status":"publish","type":"page","link":"https:\/\/recicla.taio.sc.gov.br\/wp\/o-que-e-organico-reciclavel-e-rejeito\/","title":{"rendered":"O QUE \u00c9 ORG\u00c2NICO, RECICL\u00c1VEL E REJEITO"},"content":{"rendered":"\n<h2 class=\"wp-block-heading\">APRENDA A SEPARAR O QUE \u00c9 ORG\u00c2NICO, RECICL\u00c1VEL E REJEITO<\/h2>\n\n\n\n<p><strong>Texto original por<\/strong>:&nbsp;<a href=\"http:\/\/laboremus.com.br\/site\/aprenda-a-separar-o-que-e-organico-reciclavel-e-rejeito\/\">Laboremus (20 Janeiro de 2020)<\/a><\/p>\n\n\n\n<p>A separa\u00e7\u00e3o do que \u00e9 org\u00e2nico, recicl\u00e1vel e rejeito \u00e9 de grande import\u00e2ncia, principalmente para o meio ambiente. Os res\u00edduos org\u00e2nicos t\u00eam um importante papel nos ciclos de nutrientes e destin\u00e1-los para aterros sanit\u00e1rios n\u00e3o s\u00f3 \u00e9 um desperd\u00edcio econ\u00f4mico como est\u00e1 em desacordo com a&nbsp;<em><strong>Pol\u00edtica Nacional de Res\u00edduos S\u00f3lidos (Lei n\u00ba 12.305\/2010)<\/strong><\/em>, que prev\u00ea que somente rejeitos devem seguir para disposi\u00e7\u00e3o final. Para resgatar a fun\u00e7\u00e3o natural dos res\u00edduos org\u00e2nicos de fertilizar os solos, um outro tipo de separa\u00e7\u00e3o dos res\u00edduos pode ser adotado. Considerando a realidade atual dos centros de triagem de associa\u00e7\u00f5es e cooperativas de catadores, pode-se proceder \u00e0 separa\u00e7\u00e3o em tr\u00eas fra\u00e7\u00f5es:&nbsp;<strong>recicl\u00e1veis secos, org\u00e2nicos e rejeitos<\/strong>.<\/p>\n\n\n\n<p>A separa\u00e7\u00e3o dos res\u00edduos em tr\u00eas fra\u00e7\u00f5es \u00e9 um modelo que atende bem \u00e0s necessidades atuais de destina\u00e7\u00e3o de res\u00edduos.<\/p>\n\n\n\n<ul class=\"wp-block-list\"><li><strong>Primeiro<\/strong>&nbsp;\u2013 porque valoriza os res\u00edduos org\u00e2nicos, facilitando o processo de compostagem e garantindo a qualidade do adubo final.<\/li><li><strong>Segundo&nbsp;<\/strong><strong>\u2013<\/strong>&nbsp;porque diminui a contamina\u00e7\u00e3o dos res\u00edduos recicl\u00e1veis secos (papel, pl\u00e1stico, vidro, metal entre outros, geralmente encaminhados para centrais de triagem de res\u00edduos. Nessas centrais de triagem, catadores separam cada tipo de res\u00edduo que pode ser encaminhado para as ind\u00fastrias de reciclagem. Quanto menos res\u00edduo org\u00e2nico chegar nas centrais de triagem, mais f\u00e1cil e higi\u00eanico ser\u00e1 a separa\u00e7\u00e3o dos res\u00edduos secos e melhores ser\u00e3o as condi\u00e7\u00f5es de trabalho dos catadores).<\/li><li><strong>Terceiro<\/strong>&nbsp;\u2013 porque a separa\u00e7\u00e3o em tr\u00eas fra\u00e7\u00f5es permite enviar ao aterro apenas o que realmente n\u00e3o pode ser aproveitado, ou seja, o rejeito.<\/li><\/ul>\n\n\n\n<p>Em conclus\u00e3o, separar os res\u00edduos org\u00e2nicos, al\u00e9m de trazer vantagens econ\u00f4micas, torna mais f\u00e1cil e seguro transformar esta fra\u00e7\u00e3o em adubo org\u00e2nico, condicionador de solos, h\u00famus, fertilizante, composto org\u00e2nico, entre outras denomina\u00e7\u00f5es.<\/p>\n\n\n\n<h3 class=\"wp-block-heading\"><strong>Mas, afinal, o que \u00e9 org\u00e2nico, recicl\u00e1vel e rejeito?<\/strong><\/h3>\n\n\n\n<ul class=\"wp-block-list\"><li><strong>Res\u00edduos org\u00e2nicos&nbsp;<\/strong><\/li><\/ul>\n\n\n\n<p>\u2013 Aparas de madeira, palha e folhas;<\/p>\n\n\n\n<p>\u2013 Restos de frutas, ra\u00edzes, legumes e verduras;<\/p>\n\n\n\n<p>\u2013 Esterco de animais e outro res\u00edduos;<\/p>\n\n\n\n<p>\u2013 Resto de comida, incluindo p\u00e3o, ossos e cascas de ovos.<\/p>\n\n\n\n<ul class=\"wp-block-list\"><li><strong>Res\u00edduo recicl\u00e1vel<\/strong><\/li><\/ul>\n\n\n\n<p>\u2013 Papal, revista, jornal, papel\u00e3o e caixas de papel;<\/p>\n\n\n\n<p>\u2013 Brinquedos e embalagens tetrapac;<\/p>\n\n\n\n<p>\u2013 Garrafas PET, embalagens e objetos pl\u00e1sticos;<\/p>\n\n\n\n<p>\u2013 Ferro, alum\u00ednio, cobre e outro metais;<\/p>\n\n\n\n<p>\u2013 Vidros;<\/p>\n\n\n\n<p>\u2013 Latas e outras embalagens de metais.<\/p>\n\n\n\n<ul class=\"wp-block-list\"><li><strong>Rejeito<\/strong><\/li><\/ul>\n\n\n\n<p>\u2013 Espuma;<\/p>\n\n\n\n<p>\u2013 Isopor;<\/p>\n\n\n\n<p>\u2013 Fotografia, papel carbono;<\/p>\n\n\n\n<p>\u2013 Pap\u00e9is engordurados, fraldas e bitucas de cigarro;<\/p>\n\n\n\n<p>\u2013 Espelho, lou\u00e7as e embalagens metalizadas.<\/p>\n\n\n\n<h3 class=\"wp-block-heading\"><strong>Mas, aten\u00e7\u00e3o!&nbsp;<\/strong><\/h3>\n\n\n\n<p>O descarte desses itens abaixo necessita de cuidados especiais para evitar danos ao meio ambiente. Por isso esses res\u00edduos t\u00eam sistemas de log\u00edsticas reversa e seu descarte deve ser feito em pontos de entrega espec\u00edficos. Informe-se junto ao seu munic\u00edpio sobre os pontos de entrega para cada um desses res\u00edduos.<\/p>\n\n\n\n<p><strong>Pilhas, bateria, l\u00e2mpadas fluorescentes, eletroeletr\u00f4nicos, pneus, \u00f3leo de cozinha, rem\u00e9dios e suas embalagens, agrot\u00f3xicos e outros elementos t\u00f3xicos.<\/strong><\/p>\n","protected":false},"excerpt":{"rendered":"<p>APRENDA A SEPARAR O QUE \u00c9 ORG\u00c2NICO, RECICL\u00c1VEL E REJEITO Texto original por:&nbsp;Laboremus (20 Janeiro de 2020) A separa\u00e7\u00e3o do que \u00e9 org\u00e2nico, recicl\u00e1vel e rejeito \u00e9 de grande import\u00e2ncia, principalmente para o meio ambiente. Os res\u00edduos org\u00e2nicos t\u00eam um importante papel nos ciclos de nutrientes e destin\u00e1-los para aterros sanit\u00e1rios n\u00e3o s\u00f3 \u00e9 um [&hellip;]<\/p>\n","protected":false},"author":1,"featured_media":0,"parent":0,"menu_order":0,"comment_status":"closed","ping_status":"closed","template":"","meta":{"footnotes":""},"class_list":["post-274","page","type-page","status-publish","hentry"],"_links":{"self":[{"href":"https:\/\/recicla.taio.sc.gov.br\/wp\/wp-json\/wp\/v2\/pages\/274","targetHints":{"allow":["GET"]}}],"collection":[{"href":"https:\/\/recicla.taio.sc.gov.br\/wp\/wp-json\/wp\/v2\/pages"}],"about":[{"href":"https:\/\/recicla.taio.sc.gov.br\/wp\/wp-json\/wp\/v2\/types\/page"}],"author":[{"embeddable":true,"href":"https:\/\/recicla.taio.sc.gov.br\/wp\/wp-json\/wp\/v2\/users\/1"}],"replies":[{"embeddable":true,"href":"https:\/\/recicla.taio.sc.gov.br\/wp\/wp-json\/wp\/v2\/comments?post=274"}],"version-history":[{"count":2,"href":"https:\/\/recicla.taio.sc.gov.br\/wp\/wp-json\/wp\/v2\/pages\/274\/revisions"}],"predecessor-version":[{"id":337,"href":"https:\/\/recicla.taio.sc.gov.br\/wp\/wp-json\/wp\/v2\/pages\/274\/revisions\/337"}],"wp:attachment":[{"href":"https:\/\/recicla.taio.sc.gov.br\/wp\/wp-json\/wp\/v2\/media?parent=274"}],"curies":[{"name":"wp","href":"https:\/\/api.w.org\/{rel}","templated":true}]}}